{"id":2,"date":"2020-12-17T11:31:34","date_gmt":"2020-12-17T10:31:34","guid":{"rendered":"http:\/\/ismfrance.org\/?page_id=2"},"modified":"2021-03-31T16:41:35","modified_gmt":"2021-03-31T14:41:35","slug":"qui-sommes-nous","status":"publish","type":"page","link":"https:\/\/ismfrance.org\/index.php\/qui-sommes-nous\/","title":{"rendered":"Qui sommes-nous ?"},"content":{"rendered":"<p><em>Sous direction palestinienne, l\u2019International Solidarity Movement est impliqu\u00e9 dans la r\u00e9sistance \u00e0 l&rsquo;oppression et \u00e0 la d\u00e9possession syst\u00e9matiques et continues de la population palestinienne, en utilisant des m\u00e9thodes et des principes d&rsquo;action directe non violents.<\/em><\/p>\n<p><img decoding=\"async\" src=\"https:\/\/ismfrance.org\/wp-content\/uploads\/2021\/03\/ism.png\" alt=\" width=\"350\" class=\"alignleft\"\/><\/p>\n<p><H3>Au sujet d\u2019ISM<\/H3><a href=\"https:\/\/palsolidarity.org\/about\/\" rel=\"noopener\" target=\"_blank\">International Solidarity Movement<\/a><\/p>\n<p>Fond\u00e9 en ao\u00fbt 2001, l&rsquo;ISM vise \u00e0 soutenir et \u00e0 renforcer la r\u00e9sistance populaire palestinienne en \u00e9tant imm\u00e9diatement aux c\u00f4t\u00e9s des Palestiniens dans les oliveraies, les \u00e9coles, les manifestations, les villages attaqu\u00e9s, les maisons d\u00e9molies ou les endroits o\u00f9 les Palestiniens sont constamment harcel\u00e9s ou attaqu\u00e9s par les soldats et les colons, ainsi que dans de nombreuses autres situations.<\/p>\n<p>Tous les militants b\u00e9n\u00e9voles de l&rsquo;ISM doivent accepter de travailler dans le cadre des quatre principes fondateurs :<\/p>\n<p><strong>1. Dirig\u00e9 par des Palestiniens<\/strong> &#8211; Le r\u00f4le de l&rsquo;ISM est de soutenir la lutte populaire palestinienne. Lorsque nous y sommes invit\u00e9s, nous nous joignons aux actions initi\u00e9es par les communaut\u00e9s et les groupes palestiniens engag\u00e9s dans l&rsquo;activisme de la base populaire. Bien que nous ayons des membres palestiniens au sein de l&rsquo;ISM, nous sommes un mouvement non hi\u00e9rarchique et n&rsquo;avons pas de dirigeants individuels. Tous les volontaires de l&rsquo;ISM sont cens\u00e9s se comporter d&rsquo;une mani\u00e8re qui respecte la culture palestinienne.<\/p>\n<p><strong>2. Non violence<\/strong> \u2013 L\u2019ISM pense que les actions non violentes sont un outil puissant dans la lutte contre l&rsquo;oppression, l&rsquo;occupation et l&rsquo;apartheid, et s&rsquo;engage \u00e0 respecter les principes de la r\u00e9sistance non violente. Les militants de l&rsquo;ISM s&rsquo;abstiennent de toute violence physique et verbale. Les r\u00e9percussions des paroles et des actions violentes ne nous affecteraient pas seulement en tant que membres de l&rsquo;ISM, mais surtout elles porteraient pr\u00e9judice aux communaut\u00e9s palestiniennes. Notre approche non violente ne signifie pas que nous ayons le droit de dicter aux Palestiniens comment r\u00e9sister \u00e0 l&rsquo;occupation militaire et \u00e0 l&rsquo;apartheid. Nous reconnaissons aux Palestiniens le droit de r\u00e9sister \u00e0 l\u2019occupation de leur pays par tous les moyens \u00e0 leur disposition, comme le pr\u00e9voit le droit international.<\/p>\n<p><strong>3. Consensus<\/strong> &#8211; Toutes les d\u00e9cisions de l&rsquo;ISM sont prises par consensus. Bien que le processus de consensus demande des efforts et du temps, cette fa\u00e7on de travailler m\u00e8ne \u00e0 une participation totale, et garantit que nos actions sont des actions de groupe, et que personne n&rsquo;est forc\u00e9 de participer \u00e0 une action avec laquelle il est en d\u00e9saccord.<\/p>\n<p><strong>4. Anti-oppression<\/strong> &#8211; L&rsquo;ISM condamne toute forme de sectarisme et soutient la pleine \u00e9galit\u00e9 de tous les peuples. Au sein de l&rsquo;ISM, nous n&rsquo;acceptons aucune forme d&rsquo;oppression, y compris, mais sans s&rsquo;y limiter, la discrimination fond\u00e9e sur l&rsquo;ethnicit\u00e9, l&rsquo;apparence physique, l&rsquo;origine, le sexe, l&rsquo;identit\u00e9 sexuelle, la sexualit\u00e9, la capacit\u00e9 physique, l&rsquo;\u00e2ge et la religion. Ceci afin de garantir des espaces s\u00fbrs pour tous nos militants, et que nos actions, et celles des personnes au sein de l&rsquo;ISM, ne servent pas \u00e0 soutenir ou \u00e0 perp\u00e9tuer d&rsquo;autres comportements, pratiques ou structures racistes ou sectaires.<\/p>\n<p>Nous attendons de tous les volontaires de l&rsquo;ISM qu&rsquo;ils adh\u00e8rent \u00e0 ces convictions et prennent position contre le colonialisme, le sionisme, l&rsquo;islamophobie et l&rsquo;antis\u00e9mitisme, et toutes autres id\u00e9ologies qui l\u00e9gitiment le nettoyage ethnique, l\u2019exploitation et la domination. <\/p>\n<p>Alors que nous exigeons qu&rsquo;Isra\u00ebl reconnaisse et respecte le droit international et mette fin \u00e0 son occupation et \u00e0 l&rsquo;apartheid, nous devons \u00e9galement combattre toute forme de discrimination, quelle que soit la cible. Nous nous opposons \u00e0 toute forme de sectarisme \u00e0 l&rsquo;\u00e9gard des personnes fond\u00e9 sur l&rsquo;ethnicit\u00e9, l&rsquo;apparence physique, l&rsquo;origine, le sexe, la sexualit\u00e9, les aptitudes physiques, l&rsquo;\u00e2ge, la religion, etc. Nous soutenons la pleine \u00e9galit\u00e9 de toutes les personnes et nous attendons de tous les volontaires de l&rsquo;ISM qu&rsquo;ils adh\u00e8rent \u00e0 ces convictions et prennent fermement position contre l&rsquo;antis\u00e9mitisme, l&rsquo;islamophobie et le sionisme. Conform\u00e9ment \u00e0 <a href=\"https:\/\/electronicintifada.net\/blogs\/ali-abunimah\/struggle-palestinian-rights-incompatible-any-form-racism-or-bigotry-statement\" rel=\"noopener\" target=\"_blank\">une d\u00e9claration palestinienne de 2012<\/a>, nous nous opposons \u00e0 l&rsquo;utilisation infond\u00e9e du terme \u00ab\u00a0antis\u00e9mitisme\u00a0\u00bb comme outil pour \u00e9touffer la critique d&rsquo;Isra\u00ebl ou l&rsquo;opposition au sionisme, parce qu&rsquo;il associe \u00e0 tort le fait d&rsquo;\u00eatre juif au soutien d&rsquo;une id\u00e9ologie, le sionisme, ou les politiques coloniales et d&rsquo;apartheid d&rsquo;un \u00c9tat, Isra\u00ebl.<\/p>\n<p><H3>Pourquoi l&rsquo;ISM ?<\/H3><\/p>\n<p>La colonisation et l&rsquo;apartheid ne seront pas vaincus par les seuls mots ; le colonialisme, le nettoyage ethnique, la s\u00e9gr\u00e9gation, l&rsquo;oppression et la domination seront d\u00e9mantel\u00e9s de la m\u00eame mani\u00e8re qu&rsquo;ils ont \u00e9t\u00e9 \u00e9rig\u00e9s &#8211; par l&rsquo;action des gens. La colonisation et l&rsquo;apartheid isra\u00e9liens en Palestine peuvent \u00eatre vaincus, entre autres m\u00e9thodes, par une r\u00e9sistance strat\u00e9gique, disciplin\u00e9e et non arm\u00e9e, en utilisant les ressources efficaces que les Palestiniens peuvent mobiliser &#8211; y compris la participation internationale.<\/p>\n<p>La participation internationale \u00e0 la r\u00e9sistance non violente men\u00e9e par les Palestiniens est importante pour plusieurs raisons :<\/p>\n<p><strong>* Message aux grands m\u00e9dias mondiaux<\/strong> &#8211; la lutte palestinienne est loin d&rsquo;\u00eatre rapport\u00e9e avec exactitude par les grands m\u00e9dias dominants. Les Isra\u00e9liens et les Palestiniens sont pr\u00e9sent\u00e9s comme deux parties \u00e9gales qui ne peuvent pas vivre ensemble, se battant pour la terre. En r\u00e9alit\u00e9, le r\u00e9gime colonial de peuplement isra\u00e9lien remet en question le droit \u00e0 l&rsquo;existence de la Palestine et se heurte \u00e0 la lutte des Palestiniens pour la libert\u00e9, l&rsquo;autod\u00e9termination et les droits de l&rsquo;homme. Il est de la responsabilit\u00e9 de la communaut\u00e9 internationale d&rsquo;exiger des chroniques justes.<\/p>\n<p><strong>* T\u00e9moignage personnel et transmission d&rsquo;informations<\/strong> &#8211; seule la pr\u00e9sence internationale peut soulager le harc\u00e8lement et la violence au quotidien, notamment lorsque l&rsquo;on documente avec des cam\u00e9ras. Les civils internationaux qui se joignent aux Palestiniens peuvent t\u00e9moigner et rentrer chez eux pour parler \u00e0 leurs communaut\u00e9s de ce qui se passe. Ayant \u00e9t\u00e9 t\u00e9moin de la r\u00e9alit\u00e9 sur le terrain en Palestine, chaque volontaire peut faire un rapport sur cette r\u00e9alit\u00e9 dans son pays d&rsquo;origine\u00a0: faire changer les conceptions et les id\u00e9es fausses sur le \u00ab\u00a0conflit\u00a0\u00bb, faire changer les opinions, comme premier pas vers la justice.<\/p>\n<p><strong>* Briser l&rsquo;isolement et apporter de l&rsquo;espoir<\/strong> \u2013 le colonialisme et l\u2019apartheid isolent les Palestiniens et les coupent du reste du monde et des autres. La pr\u00e9sence de citoyens internationaux envoie un message \u00e0 la communaut\u00e9 palestinienne : \u00ab\u00a0Nous voyons, nous entendons et nous sommes avec vous\u00a0\u00bb. La conviction que l&rsquo;action directe non violente peut r\u00e9ussir \u00e0 d\u00e9fier ces deux id\u00e9ologies est une pierre angulaire de notre philosophie et de notre message.<\/p>\n<p>Les internationaux de l&rsquo;ISM ne sont pas en Palestine pour enseigner la r\u00e9sistance non-violente. Les Palestiniens r\u00e9sistent chaque jour de mani\u00e8re non violente. L&rsquo;ISM apporte son soutien \u00e0 la r\u00e9sistance palestinienne au colonialisme et \u00e0 sa demande de libert\u00e9 par le biais des activit\u00e9s suivantes :<\/p>\n<p><strong>&#8211; Action directe<\/strong> &#8211; participation \u00e0 des manifestations non violentes, perturbation des activit\u00e9s des forces d&rsquo;occupation isra\u00e9liennes, accompagnement des agriculteurs dans leurs champs, r\u00e9sider avec ou \u00e0 proximit\u00e9 de familles dont les maisons sont menac\u00e9es d&rsquo;expulsion, de d\u00e9molition ou de harc\u00e8lement par les colons, accompagnement des enfants \u00e0 l\u2019\u00e9cole dans les secteurs o\u00f9 ils sont menac\u00e9s par l\u2019arm\u00e9e et les colons, etc.<\/p>\n<p><strong>&#8211; Documentation<\/strong> &#8211; documenter et rapporter aux m\u00e9dias locaux et internationaux la vie quotidienne sous occupation et apartheid, ainsi que les innombrables violations des droits de l&rsquo;homme et du droit international par l&rsquo;arm\u00e9e isra\u00e9lienne. La n\u00e9cessit\u00e9 de la documentation ne consiste pas seulement \u00e0 montrer qu&rsquo;il y a des actions ill\u00e9gales et injustes en cours, mais aussi \u00e0 fournir un v\u00e9ritable moyen de preuve pour faire rendre des comptes \u00e0 la police et aux tribunaux, au cas par cas.<\/p>\n<p><H3>Impliquez-vous !<\/H3><\/p>\n<p>L&rsquo;ISM vous propose de nombreuses fa\u00e7ons de vous impliquer dans la lutte pour la lib\u00e9ration des Palestiniens. Que vous envisagiez de vous rendre en Palestine pour travailler avec nous ou que vous souhaitiez travailler \u00e0 l&rsquo;\u00e9ducation de votre communaut\u00e9 sur la r\u00e9alit\u00e9 palestinienne, nous accompagnons votre implication.<\/p>\n<p><a href=\"https:\/\/palsolidarity.org\/join\/\" rel=\"noopener\" target=\"_blank\">Rejoignez l&rsquo;ISM<\/a> !<\/p>\n","protected":false},"excerpt":{"rendered":"<p>Sous direction palestinienne, l\u2019International Solidarity Movement est impliqu\u00e9 dans la r\u00e9sistance \u00e0 l&rsquo;oppression et \u00e0 la d\u00e9possession syst\u00e9matiques et continues de la population palestinienne, en utilisant des m\u00e9thodes et des <a class=\"more-link\" href=\"https:\/\/ismfrance.org\/index.php\/qui-sommes-nous\/\">Lire la suite &rarr;<\/a><\/p>\n","protected":false},"author":1,"featured_media":0,"parent":0,"menu_order":0,"comment_status":"closed","ping_status":"open","template":"","meta":{"footnotes":""},"class_list":["post-2","page","type-page","status-publish","hentry"],"yoast_head":"<!-- This site is optimized with the Yoast SEO plugin v27.2 - https:\/\/yoast.com\/product\/yoast-seo-wordpress\/ -->\n<title>Qui sommes-nous ?<\/title>\n<meta name=\"description\" content=\"Sous direction palestinienne, l\u2019International Solidarity Movement est impliqu\u00e9 dans la r\u00e9sistance \u00e0 l&#039;oppression et \u00e0 la d\u00e9possession syst\u00e9matiques et continues de la population palestinienne, en utilisant des m\u00e9thodes et des principes d&#039;action directe non violents.\" \/>\n<meta name=\"robots\" content=\"index, follow, max-snippet:-1, max-image-preview:large, max-video-preview:-1\" \/>\n<link rel=\"canonical\" href=\"https:\/\/ismfrance.org\/index.php\/qui-sommes-nous\/\" \/>\n<meta property=\"og:locale\" content=\"fr_FR\" \/>\n<meta property=\"og:type\" content=\"article\" \/>\n<meta property=\"og:title\" content=\"Qui sommes-nous ?\" \/>\n<meta property=\"og:description\" content=\"Sous direction palestinienne, l\u2019International Solidarity Movement est impliqu\u00e9 dans la r\u00e9sistance \u00e0 l&#039;oppression et \u00e0 la d\u00e9possession syst\u00e9matiques et continues de la population palestinienne, en utilisant des m\u00e9thodes et des principes d&#039;action directe non violents.\" \/>\n<meta property=\"og:url\" content=\"https:\/\/ismfrance.org\/index.php\/qui-sommes-nous\/\" \/>\n<meta property=\"og:site_name\" content=\"International Solidarity Movement - ISM-France\" \/>\n<meta property=\"article:modified_time\" content=\"2021-03-31T14:41:35+00:00\" \/>\n<meta property=\"og:image\" content=\"http:\/\/ismfrance.org\/wp-content\/uploads\/2021\/03\/ism.png\" \/>\n<meta name=\"twitter:card\" content=\"summary_large_image\" \/>\n<meta name=\"twitter:site\" content=\"@ISMFRANCE\" \/>\n<script type=\"application\/ld+json\" class=\"yoast-schema-graph\">{\"@context\":\"https:\/\/schema.org\",\"@graph\":[{\"@type\":\"WebPage\",\"@id\":\"https:\/\/ismfrance.org\/index.php\/qui-sommes-nous\/\",\"url\":\"https:\/\/ismfrance.org\/index.php\/qui-sommes-nous\/\",\"name\":\"Qui sommes-nous ?\",\"isPartOf\":{\"@id\":\"https:\/\/ismfrance.org\/#website\"},\"primaryImageOfPage\":{\"@id\":\"https:\/\/ismfrance.org\/index.php\/qui-sommes-nous\/#primaryimage\"},\"image\":{\"@id\":\"https:\/\/ismfrance.org\/index.php\/qui-sommes-nous\/#primaryimage\"},\"thumbnailUrl\":\"http:\/\/ismfrance.org\/wp-content\/uploads\/2021\/03\/ism.png\",\"datePublished\":\"2020-12-17T10:31:34+00:00\",\"dateModified\":\"2021-03-31T14:41:35+00:00\",\"description\":\"Sous direction palestinienne, l\u2019International Solidarity Movement est impliqu\u00e9 dans la r\u00e9sistance \u00e0 l'oppression et \u00e0 la d\u00e9possession syst\u00e9matiques et continues de la population palestinienne, en utilisant des m\u00e9thodes et des principes d'action directe non violents.\",\"breadcrumb\":{\"@id\":\"https:\/\/ismfrance.org\/index.php\/qui-sommes-nous\/#breadcrumb\"},\"inLanguage\":\"fr-FR\",\"potentialAction\":[{\"@type\":\"ReadAction\",\"target\":[\"https:\/\/ismfrance.org\/index.php\/qui-sommes-nous\/\"]}]},{\"@type\":\"ImageObject\",\"inLanguage\":\"fr-FR\",\"@id\":\"https:\/\/ismfrance.org\/index.php\/qui-sommes-nous\/#primaryimage\",\"url\":\"https:\/\/ismfrance.org\/wp-content\/uploads\/2021\/03\/ism.png\",\"contentUrl\":\"https:\/\/ismfrance.org\/wp-content\/uploads\/2021\/03\/ism.png\",\"width\":400,\"height\":102},{\"@type\":\"BreadcrumbList\",\"@id\":\"https:\/\/ismfrance.org\/index.php\/qui-sommes-nous\/#breadcrumb\",\"itemListElement\":[{\"@type\":\"ListItem\",\"position\":1,\"name\":\"Accueil\",\"item\":\"https:\/\/ismfrance.org\/\"},{\"@type\":\"ListItem\",\"position\":2,\"name\":\"Qui sommes-nous ?\"}]},{\"@type\":\"WebSite\",\"@id\":\"https:\/\/ismfrance.org\/#website\",\"url\":\"https:\/\/ismfrance.org\/\",\"name\":\"ISM Palestine France\",\"description\":\"Soutien aux luttes de lib\u00e9ration du peuple palestinien\",\"publisher\":{\"@id\":\"https:\/\/ismfrance.org\/#organization\"},\"potentialAction\":[{\"@type\":\"SearchAction\",\"target\":{\"@type\":\"EntryPoint\",\"urlTemplate\":\"https:\/\/ismfrance.org\/?s={search_term_string}\"},\"query-input\":{\"@type\":\"PropertyValueSpecification\",\"valueRequired\":true,\"valueName\":\"search_term_string\"}}],\"inLanguage\":\"fr-FR\"},{\"@type\":\"Organization\",\"@id\":\"https:\/\/ismfrance.org\/#organization\",\"name\":\"International Solidarity Movement\",\"url\":\"https:\/\/ismfrance.org\/\",\"logo\":{\"@type\":\"ImageObject\",\"inLanguage\":\"fr-FR\",\"@id\":\"https:\/\/ismfrance.org\/#\/schema\/logo\/image\/\",\"url\":\"https:\/\/ismfrance.org\/wp-content\/uploads\/2020\/12\/00.png\",\"contentUrl\":\"https:\/\/ismfrance.org\/wp-content\/uploads\/2020\/12\/00.png\",\"width\":400,\"height\":400,\"caption\":\"International Solidarity Movement\"},\"image\":{\"@id\":\"https:\/\/ismfrance.org\/#\/schema\/logo\/image\/\"},\"sameAs\":[\"https:\/\/x.com\/ISMFRANCE\"]}]}<\/script>\n<!-- \/ Yoast SEO plugin. -->","yoast_head_json":{"title":"Qui sommes-nous ?","description":"Sous direction palestinienne, l\u2019International Solidarity Movement est impliqu\u00e9 dans la r\u00e9sistance \u00e0 l'oppression et \u00e0 la d\u00e9possession syst\u00e9matiques et continues de la population palestinienne, en utilisant des m\u00e9thodes et des principes d'action directe non violents.","robots":{"index":"index","follow":"follow","max-snippet":"max-snippet:-1","max-image-preview":"max-image-preview:large","max-video-preview":"max-video-preview:-1"},"canonical":"https:\/\/ismfrance.org\/index.php\/qui-sommes-nous\/","og_locale":"fr_FR","og_type":"article","og_title":"Qui sommes-nous ?","og_description":"Sous direction palestinienne, l\u2019International Solidarity Movement est impliqu\u00e9 dans la r\u00e9sistance \u00e0 l'oppression et \u00e0 la d\u00e9possession syst\u00e9matiques et continues de la population palestinienne, en utilisant des m\u00e9thodes et des principes d'action directe non violents.","og_url":"https:\/\/ismfrance.org\/index.php\/qui-sommes-nous\/","og_site_name":"International Solidarity Movement - ISM-France","article_modified_time":"2021-03-31T14:41:35+00:00","og_image":[{"url":"http:\/\/ismfrance.org\/wp-content\/uploads\/2021\/03\/ism.png","type":"","width":"","height":""}],"twitter_card":"summary_large_image","twitter_site":"@ISMFRANCE","schema":{"@context":"https:\/\/schema.org","@graph":[{"@type":"WebPage","@id":"https:\/\/ismfrance.org\/index.php\/qui-sommes-nous\/","url":"https:\/\/ismfrance.org\/index.php\/qui-sommes-nous\/","name":"Qui sommes-nous ?","isPartOf":{"@id":"https:\/\/ismfrance.org\/#website"},"primaryImageOfPage":{"@id":"https:\/\/ismfrance.org\/index.php\/qui-sommes-nous\/#primaryimage"},"image":{"@id":"https:\/\/ismfrance.org\/index.php\/qui-sommes-nous\/#primaryimage"},"thumbnailUrl":"http:\/\/ismfrance.org\/wp-content\/uploads\/2021\/03\/ism.png","datePublished":"2020-12-17T10:31:34+00:00","dateModified":"2021-03-31T14:41:35+00:00","description":"Sous direction palestinienne, l\u2019International Solidarity Movement est impliqu\u00e9 dans la r\u00e9sistance \u00e0 l'oppression et \u00e0 la d\u00e9possession syst\u00e9matiques et continues de la population palestinienne, en utilisant des m\u00e9thodes et des principes d'action directe non violents.","breadcrumb":{"@id":"https:\/\/ismfrance.org\/index.php\/qui-sommes-nous\/#breadcrumb"},"inLanguage":"fr-FR","potentialAction":[{"@type":"ReadAction","target":["https:\/\/ismfrance.org\/index.php\/qui-sommes-nous\/"]}]},{"@type":"ImageObject","inLanguage":"fr-FR","@id":"https:\/\/ismfrance.org\/index.php\/qui-sommes-nous\/#primaryimage","url":"https:\/\/ismfrance.org\/wp-content\/uploads\/2021\/03\/ism.png","contentUrl":"https:\/\/ismfrance.org\/wp-content\/uploads\/2021\/03\/ism.png","width":400,"height":102},{"@type":"BreadcrumbList","@id":"https:\/\/ismfrance.org\/index.php\/qui-sommes-nous\/#breadcrumb","itemListElement":[{"@type":"ListItem","position":1,"name":"Accueil","item":"https:\/\/ismfrance.org\/"},{"@type":"ListItem","position":2,"name":"Qui sommes-nous ?"}]},{"@type":"WebSite","@id":"https:\/\/ismfrance.org\/#website","url":"https:\/\/ismfrance.org\/","name":"ISM Palestine France","description":"Soutien aux luttes de lib\u00e9ration du peuple palestinien","publisher":{"@id":"https:\/\/ismfrance.org\/#organization"},"potentialAction":[{"@type":"SearchAction","target":{"@type":"EntryPoint","urlTemplate":"https:\/\/ismfrance.org\/?s={search_term_string}"},"query-input":{"@type":"PropertyValueSpecification","valueRequired":true,"valueName":"search_term_string"}}],"inLanguage":"fr-FR"},{"@type":"Organization","@id":"https:\/\/ismfrance.org\/#organization","name":"International Solidarity Movement","url":"https:\/\/ismfrance.org\/","logo":{"@type":"ImageObject","inLanguage":"fr-FR","@id":"https:\/\/ismfrance.org\/#\/schema\/logo\/image\/","url":"https:\/\/ismfrance.org\/wp-content\/uploads\/2020\/12\/00.png","contentUrl":"https:\/\/ismfrance.org\/wp-content\/uploads\/2020\/12\/00.png","width":400,"height":400,"caption":"International Solidarity Movement"},"image":{"@id":"https:\/\/ismfrance.org\/#\/schema\/logo\/image\/"},"sameAs":["https:\/\/x.com\/ISMFRANCE"]}]}},"_links":{"self":[{"href":"https:\/\/ismfrance.org\/index.php\/wp-json\/wp\/v2\/pages\/2","targetHints":{"allow":["GET"]}}],"collection":[{"href":"https:\/\/ismfrance.org\/index.php\/wp-json\/wp\/v2\/pages"}],"about":[{"href":"https:\/\/ismfrance.org\/index.php\/wp-json\/wp\/v2\/types\/page"}],"author":[{"embeddable":true,"href":"https:\/\/ismfrance.org\/index.php\/wp-json\/wp\/v2\/users\/1"}],"replies":[{"embeddable":true,"href":"https:\/\/ismfrance.org\/index.php\/wp-json\/wp\/v2\/comments?post=2"}],"version-history":[{"count":0,"href":"https:\/\/ismfrance.org\/index.php\/wp-json\/wp\/v2\/pages\/2\/revisions"}],"wp:attachment":[{"href":"https:\/\/ismfrance.org\/index.php\/wp-json\/wp\/v2\/media?parent=2"}],"curies":[{"name":"wp","href":"https:\/\/api.w.org\/{rel}","templated":true}]}}