{"id":150,"date":"2021-04-01T16:13:44","date_gmt":"2021-04-01T14:13:44","guid":{"rendered":"http:\/\/ismfrance.org\/?page_id=150"},"modified":"2021-04-01T16:13:44","modified_gmt":"2021-04-01T14:13:44","slug":"avertissement","status":"publish","type":"page","link":"https:\/\/ismfrance.org\/index.php\/avertissement\/","title":{"rendered":"Avertissement"},"content":{"rendered":"<p>L&rsquo;ISM a pour vocation la diffusion d&rsquo;informations relatives aux \u00e9v\u00e9nements du Proche Orient. Les auteurs du site travaillent \u00e0 la plus grande objectivit\u00e9 et au respect des opinions de chacun, soucieux de corriger les erreurs qui leur seraient signal\u00e9es.<\/p>\n<p>Les opinions exprim\u00e9es dans les articles n&rsquo;engagent que la responsabilit\u00e9 de leur auteur et\/ou de leur traducteur. En aucun cas l&rsquo;ISM ne saurait \u00eatre tenu responsable des propos tenus dans les analyses, t\u00e9moignages et messages post\u00e9s par des tierces personnes.<\/p>\n<p>D&rsquo;autre part, beaucoup d&rsquo;informations \u00e9manant de sources externes, ou faisant lien vers des sites dont il n&rsquo;a pas la gestion, l&rsquo;ISM n&rsquo;assume aucunement la responsabilit\u00e9 quant \u00e0 l&rsquo;information contenue dans ces sites. <\/p>\n","protected":false},"excerpt":{"rendered":"<p>L&rsquo;ISM a pour vocation la diffusion d&rsquo;informations relatives aux \u00e9v\u00e9nements du Proche Orient. Les auteurs du site travaillent \u00e0 la plus grande objectivit\u00e9 et au respect des opinions de chacun, <a class=\"more-link\" href=\"https:\/\/ismfrance.org\/index.php\/avertissement\/\">Lire la suite &rarr;<\/a><\/p>\n","protected":false},"author":2,"featured_media":0,"parent":0,"menu_order":0,"comment_status":"closed","ping_status":"closed","template":"","meta":{"footnotes":""},"class_list":["post-150","page","type-page","status-publish","hentry"],"yoast_head":"<!-- This site is optimized with the Yoast SEO plugin v27.2 - https:\/\/yoast.com\/product\/yoast-seo-wordpress\/ -->\n<title>Avertissement - International Solidarity Movement - ISM-France<\/title>\n<meta name=\"robots\" content=\"index, follow, max-snippet:-1, max-image-preview:large, max-video-preview:-1\" \/>\n<link rel=\"canonical\" href=\"https:\/\/ismfrance.org\/index.php\/avertissement\/\" \/>\n<meta property=\"og:locale\" content=\"fr_FR\" \/>\n<meta property=\"og:type\" content=\"article\" \/>\n<meta property=\"og:title\" content=\"Avertissement - International Solidarity Movement - ISM-France\" \/>\n<meta property=\"og:description\" content=\"L&rsquo;ISM a pour vocation la diffusion d&rsquo;informations relatives aux \u00e9v\u00e9nements du Proche Orient. Les auteurs du site travaillent \u00e0 la plus grande objectivit\u00e9 et au respect des opinions de chacun, Lire la suite &rarr;\" \/>\n<meta property=\"og:url\" content=\"https:\/\/ismfrance.org\/index.php\/avertissement\/\" \/>\n<meta property=\"og:site_name\" content=\"International Solidarity Movement - ISM-France\" \/>\n<meta name=\"twitter:card\" content=\"summary_large_image\" \/>\n<meta name=\"twitter:site\" content=\"@ISMFRANCE\" \/>\n<meta name=\"twitter:label1\" content=\"Dur\u00e9e de lecture estim\u00e9e\" \/>\n\t<meta name=\"twitter:data1\" content=\"1 minute\" \/>\n<script type=\"application\/ld+json\" class=\"yoast-schema-graph\">{\"@context\":\"https:\/\/schema.org\",\"@graph\":[{\"@type\":\"WebPage\",\"@id\":\"https:\/\/ismfrance.org\/index.php\/avertissement\/\",\"url\":\"https:\/\/ismfrance.org\/index.php\/avertissement\/\",\"name\":\"Avertissement - International Solidarity Movement - ISM-France\",\"isPartOf\":{\"@id\":\"https:\/\/ismfrance.org\/#website\"},\"datePublished\":\"2021-04-01T14:13:44+00:00\",\"breadcrumb\":{\"@id\":\"https:\/\/ismfrance.org\/index.php\/avertissement\/#breadcrumb\"},\"inLanguage\":\"fr-FR\",\"potentialAction\":[{\"@type\":\"ReadAction\",\"target\":[\"https:\/\/ismfrance.org\/index.php\/avertissement\/\"]}]},{\"@type\":\"BreadcrumbList\",\"@id\":\"https:\/\/ismfrance.org\/index.php\/avertissement\/#breadcrumb\",\"itemListElement\":[{\"@type\":\"ListItem\",\"position\":1,\"name\":\"Accueil\",\"item\":\"https:\/\/ismfrance.org\/\"},{\"@type\":\"ListItem\",\"position\":2,\"name\":\"Avertissement\"}]},{\"@type\":\"WebSite\",\"@id\":\"https:\/\/ismfrance.org\/#website\",\"url\":\"https:\/\/ismfrance.org\/\",\"name\":\"ISM Palestine France\",\"description\":\"Soutien aux luttes de lib\u00e9ration du peuple palestinien\",\"publisher\":{\"@id\":\"https:\/\/ismfrance.org\/#organization\"},\"potentialAction\":[{\"@type\":\"SearchAction\",\"target\":{\"@type\":\"EntryPoint\",\"urlTemplate\":\"https:\/\/ismfrance.org\/?s={search_term_string}\"},\"query-input\":{\"@type\":\"PropertyValueSpecification\",\"valueRequired\":true,\"valueName\":\"search_term_string\"}}],\"inLanguage\":\"fr-FR\"},{\"@type\":\"Organization\",\"@id\":\"https:\/\/ismfrance.org\/#organization\",\"name\":\"International Solidarity Movement\",\"url\":\"https:\/\/ismfrance.org\/\",\"logo\":{\"@type\":\"ImageObject\",\"inLanguage\":\"fr-FR\",\"@id\":\"https:\/\/ismfrance.org\/#\/schema\/logo\/image\/\",\"url\":\"https:\/\/ismfrance.org\/wp-content\/uploads\/2020\/12\/00.png\",\"contentUrl\":\"https:\/\/ismfrance.org\/wp-content\/uploads\/2020\/12\/00.png\",\"width\":400,\"height\":400,\"caption\":\"International Solidarity Movement\"},\"image\":{\"@id\":\"https:\/\/ismfrance.org\/#\/schema\/logo\/image\/\"},\"sameAs\":[\"https:\/\/x.com\/ISMFRANCE\"]}]}<\/script>\n<!-- \/ Yoast SEO plugin. -->","yoast_head_json":{"title":"Avertissement - International Solidarity Movement - ISM-France","robots":{"index":"index","follow":"follow","max-snippet":"max-snippet:-1","max-image-preview":"max-image-preview:large","max-video-preview":"max-video-preview:-1"},"canonical":"https:\/\/ismfrance.org\/index.php\/avertissement\/","og_locale":"fr_FR","og_type":"article","og_title":"Avertissement - International Solidarity Movement - ISM-France","og_description":"L&rsquo;ISM a pour vocation la diffusion d&rsquo;informations relatives aux \u00e9v\u00e9nements du Proche Orient. Les auteurs du site travaillent \u00e0 la plus grande objectivit\u00e9 et au respect des opinions de chacun, Lire la suite &rarr;","og_url":"https:\/\/ismfrance.org\/index.php\/avertissement\/","og_site_name":"International Solidarity Movement - ISM-France","twitter_card":"summary_large_image","twitter_site":"@ISMFRANCE","twitter_misc":{"Dur\u00e9e de lecture estim\u00e9e":"1 minute"},"schema":{"@context":"https:\/\/schema.org","@graph":[{"@type":"WebPage","@id":"https:\/\/ismfrance.org\/index.php\/avertissement\/","url":"https:\/\/ismfrance.org\/index.php\/avertissement\/","name":"Avertissement - International Solidarity Movement - ISM-France","isPartOf":{"@id":"https:\/\/ismfrance.org\/#website"},"datePublished":"2021-04-01T14:13:44+00:00","breadcrumb":{"@id":"https:\/\/ismfrance.org\/index.php\/avertissement\/#breadcrumb"},"inLanguage":"fr-FR","potentialAction":[{"@type":"ReadAction","target":["https:\/\/ismfrance.org\/index.php\/avertissement\/"]}]},{"@type":"BreadcrumbList","@id":"https:\/\/ismfrance.org\/index.php\/avertissement\/#breadcrumb","itemListElement":[{"@type":"ListItem","position":1,"name":"Accueil","item":"https:\/\/ismfrance.org\/"},{"@type":"ListItem","position":2,"name":"Avertissement"}]},{"@type":"WebSite","@id":"https:\/\/ismfrance.org\/#website","url":"https:\/\/ismfrance.org\/","name":"ISM Palestine France","description":"Soutien aux luttes de lib\u00e9ration du peuple palestinien","publisher":{"@id":"https:\/\/ismfrance.org\/#organization"},"potentialAction":[{"@type":"SearchAction","target":{"@type":"EntryPoint","urlTemplate":"https:\/\/ismfrance.org\/?s={search_term_string}"},"query-input":{"@type":"PropertyValueSpecification","valueRequired":true,"valueName":"search_term_string"}}],"inLanguage":"fr-FR"},{"@type":"Organization","@id":"https:\/\/ismfrance.org\/#organization","name":"International Solidarity Movement","url":"https:\/\/ismfrance.org\/","logo":{"@type":"ImageObject","inLanguage":"fr-FR","@id":"https:\/\/ismfrance.org\/#\/schema\/logo\/image\/","url":"https:\/\/ismfrance.org\/wp-content\/uploads\/2020\/12\/00.png","contentUrl":"https:\/\/ismfrance.org\/wp-content\/uploads\/2020\/12\/00.png","width":400,"height":400,"caption":"International Solidarity Movement"},"image":{"@id":"https:\/\/ismfrance.org\/#\/schema\/logo\/image\/"},"sameAs":["https:\/\/x.com\/ISMFRANCE"]}]}},"_links":{"self":[{"href":"https:\/\/ismfrance.org\/index.php\/wp-json\/wp\/v2\/pages\/150","targetHints":{"allow":["GET"]}}],"collection":[{"href":"https:\/\/ismfrance.org\/index.php\/wp-json\/wp\/v2\/pages"}],"about":[{"href":"https:\/\/ismfrance.org\/index.php\/wp-json\/wp\/v2\/types\/page"}],"author":[{"embeddable":true,"href":"https:\/\/ismfrance.org\/index.php\/wp-json\/wp\/v2\/users\/2"}],"replies":[{"embeddable":true,"href":"https:\/\/ismfrance.org\/index.php\/wp-json\/wp\/v2\/comments?post=150"}],"version-history":[{"count":0,"href":"https:\/\/ismfrance.org\/index.php\/wp-json\/wp\/v2\/pages\/150\/revisions"}],"wp:attachment":[{"href":"https:\/\/ismfrance.org\/index.php\/wp-json\/wp\/v2\/media?parent=150"}],"curies":[{"name":"wp","href":"https:\/\/api.w.org\/{rel}","templated":true}]}}